{"id":1322,"date":"2024-08-28T11:30:31","date_gmt":"2024-08-28T11:30:31","guid":{"rendered":"http:\/\/localhost\/wordpress\/?page_id=1322"},"modified":"2026-02-05T14:34:44","modified_gmt":"2026-02-05T14:34:44","slug":"qui-somme-nous","status":"publish","type":"page","link":"https:\/\/suptembmhs.com\/index.php\/qui-somme-nous\/","title":{"rendered":"Qui Somme-nous"},"content":{"rendered":"\t\t<div data-elementor-type=\"wp-post\" data-elementor-id=\"1322\" class=\"elementor elementor-1322\" data-elementor-post-type=\"page\">\n\t\t\t\t\t\t<section class=\"elementor-section elementor-top-section elementor-element elementor-element-x3xfmwr elementor-section-boxed elementor-section-height-default elementor-section-height-default\" data-id=\"x3xfmwr\" data-element_type=\"section\" data-e-type=\"section\" data-settings=\"{&quot;background_background&quot;:&quot;classic&quot;}\">\n\t\t\t\t\t\t<div class=\"elementor-container elementor-column-gap-default\">\n\t\t\t\t\t<div class=\"elementor-column elementor-col-100 elementor-top-column elementor-element elementor-element-dg5yyr8\" data-id=\"dg5yyr8\" data-element_type=\"column\" data-e-type=\"column\">\n\t\t\t<div class=\"elementor-widget-wrap elementor-element-populated\">\n\t\t\t\t\t\t<div class=\"elementor-element elementor-element-3ea6a5e n-partenaire elementor-widget elementor-widget-heading\" data-id=\"3ea6a5e\" data-element_type=\"widget\" data-e-type=\"widget\" data-widget_type=\"heading.default\">\n\t\t\t\t<div class=\"elementor-widget-container\">\n\t\t\t\t\t<p class=\"elementor-heading-title elementor-size-default\">Qui Somme-nous?<\/p>\t\t\t\t<\/div>\n\t\t\t\t<\/div>\n\t\t\t\t\t<\/div>\n\t\t<\/div>\n\t\t\t\t\t<\/div>\n\t\t<\/section>\n\t\t<div class=\"elementor-element elementor-element-dcae670 e-flex e-con-boxed e-con e-parent\" data-id=\"dcae670\" data-element_type=\"container\" data-e-type=\"container\" data-settings=\"{&quot;background_background&quot;:&quot;classic&quot;}\">\n\t\t\t\t\t<div class=\"e-con-inner\">\n\t\t\t\t<div class=\"elementor-element elementor-element-f84ea11 partenaire elementor-widget elementor-widget-text-editor\" data-id=\"f84ea11\" data-element_type=\"widget\" data-e-type=\"widget\" data-widget_type=\"text-editor.default\">\n\t\t\t\t<div class=\"elementor-widget-container\">\n\t\t\t\t\t\t\t\t\t<p style=\"text-align: center;\"><strong><em>Suptem<\/em><\/strong>, \u00c9cole Sup\u00e9rieure des Science Technique et Managemement, est une des \u00e9coles du <strong><em>Groupe BMHS<\/em><\/strong> (Enseignement Professionnel, Superieur et Formation Continue). <strong>Chez <em>Suptem<\/em>, vos Dipl\u00f4mes sont valables en France et au Maroc.<\/strong> Vous b\u00e9n\u00e9ficiez de la force d&#8217;un r\u00e9seau national (Partenariat \u00e9coles, instituts, universit\u00e9s \u00e0 travers le monde).<\/p><p>Durant ces 20 d\u00e9rni\u00e8res ann\u00e9es, <em><strong>Suptem<\/strong><\/em> a form\u00e9, encadr\u00e9 et accompagn\u00e9 de nombreux laur\u00e9ats qui sont actuellement des haut responsables au sein de multiples entit\u00e9s semi public et priv\u00e9es. Cette r\u00e9ussite est le fruit d&#8217;un travail accompli avec D\u00e9vouement, Acharnement, Professionnalisme et Excellence.<\/p><p><strong>Fa\u00eetes le choix d&#8217;une grande \u00e9cole!<\/strong><\/p>\t\t\t\t\t\t\t\t<\/div>\n\t\t\t\t<\/div>\n\t\t\t\t\t<\/div>\n\t\t\t\t<\/div>\n\t\t<div class=\"elementor-element elementor-element-2925edb e-flex e-con-boxed e-con e-parent\" data-id=\"2925edb\" data-element_type=\"container\" data-e-type=\"container\" data-settings=\"{&quot;background_background&quot;:&quot;classic&quot;}\">\n\t\t\t\t\t<div class=\"e-con-inner\">\n\t\t<div class=\"elementor-element elementor-element-bde6740 e-con-full e-flex e-con e-child\" data-id=\"bde6740\" data-element_type=\"container\" data-e-type=\"container\">\n\t\t\t\t<div class=\"elementor-element elementor-element-df7d88b elementor-widget elementor-widget-image\" data-id=\"df7d88b\" data-element_type=\"widget\" data-e-type=\"widget\" data-widget_type=\"image.default\">\n\t\t\t\t<div class=\"elementor-widget-container\">\n\t\t\t\t\t\t\t\t\t\t\t\t\t\t\t<img fetchpriority=\"high\" decoding=\"async\" width=\"1080\" height=\"805\" src=\"https:\/\/suptembmhs.com\/wp-content\/uploads\/2024\/08\/Untitled-design7.webp\" class=\"attachment-full size-full wp-image-1023\" alt=\"babylon tower\" \/>\t\t\t\t\t\t\t\t\t\t\t\t\t\t\t<\/div>\n\t\t\t\t<\/div>\n\t\t\t\t<div class=\"elementor-element elementor-element-025373b elementor-widget elementor-widget-heading\" data-id=\"025373b\" data-element_type=\"widget\" data-e-type=\"widget\" data-widget_type=\"heading.default\">\n\t\t\t\t<div class=\"elementor-widget-container\">\n\t\t\t\t\t<h2 class=\"elementor-heading-title elementor-size-default\"><a href=\"https:\/\/suptembmhs.com\/index.php\/notre-histoire\/\">NOTRE HISTOIRE<\/a><\/h2>\t\t\t\t<\/div>\n\t\t\t\t<\/div>\n\t\t\t\t<\/div>\n\t\t<div class=\"elementor-element elementor-element-bcf1960 e-con-full e-flex e-con e-child\" data-id=\"bcf1960\" data-element_type=\"container\" data-e-type=\"container\">\n\t\t\t\t<div class=\"elementor-element elementor-element-19404e4 elementor-widget elementor-widget-image\" data-id=\"19404e4\" data-element_type=\"widget\" data-e-type=\"widget\" data-widget_type=\"image.default\">\n\t\t\t\t<div class=\"elementor-widget-container\">\n\t\t\t\t\t\t\t\t\t\t\t\t\t\t\t<img decoding=\"async\" width=\"1024\" height=\"803\" src=\"https:\/\/suptembmhs.com\/wp-content\/uploads\/2024\/08\/FB_IMG_1724669767286.webp\" class=\"attachment-large size-large wp-image-1150\" alt=\"qui somme-nous\" \/>\t\t\t\t\t\t\t\t\t\t\t\t\t\t\t<\/div>\n\t\t\t\t<\/div>\n\t\t\t\t<div class=\"elementor-element elementor-element-1abf971 elementor-widget elementor-widget-heading\" data-id=\"1abf971\" data-element_type=\"widget\" data-e-type=\"widget\" data-widget_type=\"heading.default\">\n\t\t\t\t<div class=\"elementor-widget-container\">\n\t\t\t\t\t<h2 class=\"elementor-heading-title elementor-size-default\"><a href=\"https:\/\/suptembmhs.com\/index.php\/nos-valeurs\/\">NOS VALEURS<\/a><\/h2>\t\t\t\t<\/div>\n\t\t\t\t<\/div>\n\t\t\t\t<\/div>\n\t\t\t\t\t<\/div>\n\t\t\t\t<\/div>\n\t\t\t\t<\/div>\n\t\t","protected":false},"excerpt":{"rendered":"<p>Qui Somme-nous? Suptem, \u00c9cole Sup\u00e9rieure des Science Technique et Managemement, est une des \u00e9coles du Groupe BMHS (Enseignement Professionnel, Superieur et Formation Continue). Chez Suptem, vos Dipl\u00f4mes sont valables en France et au Maroc. Vous b\u00e9n\u00e9ficiez de la force d&#8217;un r\u00e9seau national (Partenariat \u00e9coles, instituts, universit\u00e9s \u00e0 travers le monde). Durant ces 20 d\u00e9rni\u00e8res ann\u00e9es, [&hellip;]<\/p>\n","protected":false},"author":1,"featured_media":0,"parent":0,"menu_order":0,"comment_status":"closed","ping_status":"closed","template":"","meta":{"ocean_post_layout":"full-screen","ocean_both_sidebars_style":"","ocean_both_sidebars_content_width":0,"ocean_both_sidebars_sidebars_width":0,"ocean_sidebar":"","ocean_second_sidebar":"","ocean_disable_margins":"on","ocean_add_body_class":"","ocean_shortcode_before_top_bar":"","ocean_shortcode_after_top_bar":"","ocean_shortcode_before_header":"","ocean_shortcode_after_header":"","ocean_has_shortcode":"","ocean_shortcode_after_title":"","ocean_shortcode_before_footer_widgets":"","ocean_shortcode_after_footer_widgets":"","ocean_shortcode_before_footer_bottom":"","ocean_shortcode_after_footer_bottom":"","ocean_display_top_bar":"default","ocean_display_header":"default","ocean_header_style":"","ocean_center_header_left_menu":"","ocean_custom_header_template":"","ocean_custom_logo":0,"ocean_custom_retina_logo":0,"ocean_custom_logo_max_width":0,"ocean_custom_logo_tablet_max_width":0,"ocean_custom_logo_mobile_max_width":0,"ocean_custom_logo_max_height":0,"ocean_custom_logo_tablet_max_height":0,"ocean_custom_logo_mobile_max_height":0,"ocean_header_custom_menu":"","ocean_menu_typo_font_family":"","ocean_menu_typo_font_subset":"","ocean_menu_typo_font_size":0,"ocean_menu_typo_font_size_tablet":0,"ocean_menu_typo_font_size_mobile":0,"ocean_menu_typo_font_size_unit":"px","ocean_menu_typo_font_weight":"","ocean_menu_typo_font_weight_tablet":"","ocean_menu_typo_font_weight_mobile":"","ocean_menu_typo_transform":"","ocean_menu_typo_transform_tablet":"","ocean_menu_typo_transform_mobile":"","ocean_menu_typo_line_height":0,"ocean_menu_typo_line_height_tablet":0,"ocean_menu_typo_line_height_mobile":0,"ocean_menu_typo_line_height_unit":"","ocean_menu_typo_spacing":0,"ocean_menu_typo_spacing_tablet":0,"ocean_menu_typo_spacing_mobile":0,"ocean_menu_typo_spacing_unit":"","ocean_menu_link_color":"","ocean_menu_link_color_hover":"","ocean_menu_link_color_active":"","ocean_menu_link_background":"","ocean_menu_link_hover_background":"","ocean_menu_link_active_background":"","ocean_menu_social_links_bg":"","ocean_menu_social_hover_links_bg":"","ocean_menu_social_links_color":"","ocean_menu_social_hover_links_color":"","ocean_disable_title":"on","ocean_disable_heading":"default","ocean_post_title":"","ocean_post_subheading":"","ocean_post_title_style":"","ocean_post_title_background_color":"","ocean_post_title_background":0,"ocean_post_title_bg_image_position":"","ocean_post_title_bg_image_attachment":"","ocean_post_title_bg_image_repeat":"","ocean_post_title_bg_image_size":"","ocean_post_title_height":0,"ocean_post_title_bg_overlay":0.5,"ocean_post_title_bg_overlay_color":"","ocean_disable_breadcrumbs":"default","ocean_breadcrumbs_color":"","ocean_breadcrumbs_separator_color":"","ocean_breadcrumbs_links_color":"","ocean_breadcrumbs_links_hover_color":"","ocean_display_footer_widgets":"default","ocean_display_footer_bottom":"default","ocean_custom_footer_template":"","footnotes":""},"class_list":["post-1322","page","type-page","status-publish","hentry","entry"],"_links":{"self":[{"href":"https:\/\/suptembmhs.com\/index.php\/wp-json\/wp\/v2\/pages\/1322","targetHints":{"allow":["GET"]}}],"collection":[{"href":"https:\/\/suptembmhs.com\/index.php\/wp-json\/wp\/v2\/pages"}],"about":[{"href":"https:\/\/suptembmhs.com\/index.php\/wp-json\/wp\/v2\/types\/page"}],"author":[{"embeddable":true,"href":"https:\/\/suptembmhs.com\/index.php\/wp-json\/wp\/v2\/users\/1"}],"replies":[{"embeddable":true,"href":"https:\/\/suptembmhs.com\/index.php\/wp-json\/wp\/v2\/comments?post=1322"}],"version-history":[{"count":51,"href":"https:\/\/suptembmhs.com\/index.php\/wp-json\/wp\/v2\/pages\/1322\/revisions"}],"predecessor-version":[{"id":2393,"href":"https:\/\/suptembmhs.com\/index.php\/wp-json\/wp\/v2\/pages\/1322\/revisions\/2393"}],"wp:attachment":[{"href":"https:\/\/suptembmhs.com\/index.php\/wp-json\/wp\/v2\/media?parent=1322"}],"curies":[{"name":"wp","href":"https:\/\/api.w.org\/{rel}","templated":true}]}}