{"id":1489,"date":"2024-08-30T13:43:20","date_gmt":"2024-08-30T13:43:20","guid":{"rendered":"http:\/\/localhost\/wordpress\/?page_id=1489"},"modified":"2024-10-07T11:38:23","modified_gmt":"2024-10-07T11:38:23","slug":"notre-histoire","status":"publish","type":"page","link":"https:\/\/suptembmhs.com\/index.php\/notre-histoire\/","title":{"rendered":"Notre Histoire\u200b"},"content":{"rendered":"\t\t<div data-elementor-type=\"wp-post\" data-elementor-id=\"1489\" class=\"elementor elementor-1489\" data-elementor-post-type=\"page\">\n\t\t\t\t\t\t<section class=\"elementor-section elementor-top-section elementor-element elementor-element-1017bfc elementor-section-boxed elementor-section-height-default elementor-section-height-default\" data-id=\"1017bfc\" data-element_type=\"section\" data-e-type=\"section\" data-settings=\"{&quot;background_background&quot;:&quot;classic&quot;}\">\n\t\t\t\t\t\t<div class=\"elementor-container elementor-column-gap-default\">\n\t\t\t\t\t<div class=\"elementor-column elementor-col-100 elementor-top-column elementor-element elementor-element-26b1d24\" data-id=\"26b1d24\" data-element_type=\"column\" data-e-type=\"column\">\n\t\t\t<div class=\"elementor-widget-wrap elementor-element-populated\">\n\t\t\t\t\t\t<div class=\"elementor-element elementor-element-707115e n-partenaire elementor-widget elementor-widget-heading\" data-id=\"707115e\" data-element_type=\"widget\" data-e-type=\"widget\" data-widget_type=\"heading.default\">\n\t\t\t\t<div class=\"elementor-widget-container\">\n\t\t\t\t\t<p class=\"elementor-heading-title elementor-size-default\">Notre Histoire<\/p>\t\t\t\t<\/div>\n\t\t\t\t<\/div>\n\t\t\t\t\t<\/div>\n\t\t<\/div>\n\t\t\t\t\t<\/div>\n\t\t<\/section>\n\t\t<div class=\"elementor-element elementor-element-e40b091 e-flex e-con-boxed e-con e-parent\" data-id=\"e40b091\" data-element_type=\"container\" data-e-type=\"container\" data-settings=\"{&quot;background_background&quot;:&quot;classic&quot;}\">\n\t\t\t\t\t<div class=\"e-con-inner\">\n\t\t<div class=\"elementor-element elementor-element-a21b83c e-con-full e-flex e-con e-child\" data-id=\"a21b83c\" data-element_type=\"container\" data-e-type=\"container\">\n\t\t\t\t<div class=\"elementor-element elementor-element-c8de938 elementor-widget elementor-widget-image\" data-id=\"c8de938\" data-element_type=\"widget\" data-e-type=\"widget\" data-widget_type=\"image.default\">\n\t\t\t\t<div class=\"elementor-widget-container\">\n\t\t\t\t\t\t\t\t\t\t\t\t\t\t\t<img fetchpriority=\"high\" decoding=\"async\" width=\"1024\" height=\"763\" src=\"https:\/\/suptembmhs.com\/wp-content\/uploads\/2024\/08\/Untitled-design9.webp\" class=\"attachment-large size-large wp-image-1021\" alt=\"\u00e9cole\" \/>\t\t\t\t\t\t\t\t\t\t\t\t\t\t\t<\/div>\n\t\t\t\t<\/div>\n\t\t\t\t<div class=\"elementor-element elementor-element-2329748 elementor-widget elementor-widget-text-editor\" data-id=\"2329748\" data-element_type=\"widget\" data-e-type=\"widget\" id=\"president-text\" data-widget_type=\"text-editor.default\">\n\t\t\t\t<div class=\"elementor-widget-container\">\n\t\t\t\t\t\t\t\t\t<p><span style=\"color: #62ce70;\"><em><strong>&#8221; Votre r\u00e9usite, c&#8217;est notre pari et notre engagement &#8220;<\/strong><\/em><\/span><\/p><p>L&#8217;\u00e9cole Sup\u00e9rieure des Sciences Techniques et Management\u00a0 <strong><em>Suptem <\/em><\/strong>est un \u00e9tablissement d&#8217;enseignement sup\u00e9rieur priv\u00e9 d\u00fbment agr\u00e9e par le minist\u00e8re de l&#8217;Enseignement Sup\u00e9rieur, de la Formation des Cadres et la Recherche Scientifique (<em>Suptem Tanger <\/em>163\/01).<\/p><p>Fond\u00e9e en 2001, <em>Suptem<\/em> se fixe comme\u00a0 objectif de former des cadres de haut niveau, polyvalents et directement op\u00e9rationnels.<\/p><p>La philosophie de <em>Suptem<\/em> vise l&#8217;ad\u00e9quation de la formation aux besoins et r\u00e9alit\u00e9s de l&#8217;Entreprise, sa p\u00e9dagogie participative est fond\u00e9e sur des valeurs-cl\u00e9s modernes:<\/p><p>La rigeur et le sens de l&#8217;\u00e9thique; le g\u00f4ut de l&#8217;effort et de la t\u00e8nacit\u00e9; la cr\u00e9ativit\u00e9 et le sens de l&#8217;organisation; les aptitudes \u00e0 la communication et au travail en groupe.<\/p>\t\t\t\t\t\t\t\t<\/div>\n\t\t\t\t<\/div>\n\t\t\t\t<\/div>\n\t\t\t\t\t<\/div>\n\t\t\t\t<\/div>\n\t\t<div class=\"elementor-element elementor-element-facfc2e e-flex e-con-boxed e-con e-parent\" data-id=\"facfc2e\" data-element_type=\"container\" data-e-type=\"container\" data-settings=\"{&quot;background_background&quot;:&quot;classic&quot;}\">\n\t\t\t\t\t<div class=\"e-con-inner\">\n\t\t\t\t\t<\/div>\n\t\t\t\t<\/div>\n\t\t<div class=\"elementor-element elementor-element-e5596d3 e-flex e-con-boxed e-con e-parent\" data-id=\"e5596d3\" data-element_type=\"container\" data-e-type=\"container\" data-settings=\"{&quot;background_background&quot;:&quot;classic&quot;}\">\n\t\t\t\t\t<div class=\"e-con-inner\">\n\t\t\t\t\t<\/div>\n\t\t\t\t<\/div>\n\t\t<div class=\"elementor-element elementor-element-e296717 e-flex e-con-boxed e-con e-parent\" data-id=\"e296717\" data-element_type=\"container\" data-e-type=\"container\" data-settings=\"{&quot;background_background&quot;:&quot;classic&quot;}\">\n\t\t\t\t\t<div class=\"e-con-inner\">\n\t\t<div class=\"elementor-element elementor-element-6e447b5 e-con-full e-flex e-con e-child\" data-id=\"6e447b5\" data-element_type=\"container\" data-e-type=\"container\">\n\t\t\t\t<\/div>\n\t\t\t\t\t<\/div>\n\t\t\t\t<\/div>\n\t\t\t\t<\/div>\n\t\t","protected":false},"excerpt":{"rendered":"<p>Notre Histoire &#8221; Votre r\u00e9usite, c&#8217;est notre pari et notre engagement &#8220; L&#8217;\u00e9cole Sup\u00e9rieure des Sciences Techniques et Management\u00a0 Suptem est un \u00e9tablissement d&#8217;enseignement sup\u00e9rieur priv\u00e9 d\u00fbment agr\u00e9e par le minist\u00e8re de l&#8217;Enseignement Sup\u00e9rieur, de la Formation des Cadres et la Recherche Scientifique (Suptem Tanger 163\/01). Fond\u00e9e en 2001, Suptem se fixe comme\u00a0 objectif de [&hellip;]<\/p>\n","protected":false},"author":1,"featured_media":0,"parent":0,"menu_order":0,"comment_status":"closed","ping_status":"closed","template":"","meta":{"ocean_post_layout":"full-screen","ocean_both_sidebars_style":"","ocean_both_sidebars_content_width":0,"ocean_both_sidebars_sidebars_width":0,"ocean_sidebar":"0","ocean_second_sidebar":"0","ocean_disable_margins":"enable","ocean_add_body_class":"","ocean_shortcode_before_top_bar":"","ocean_shortcode_after_top_bar":"","ocean_shortcode_before_header":"","ocean_shortcode_after_header":"","ocean_has_shortcode":"","ocean_shortcode_after_title":"","ocean_shortcode_before_footer_widgets":"","ocean_shortcode_after_footer_widgets":"","ocean_shortcode_before_footer_bottom":"","ocean_shortcode_after_footer_bottom":"","ocean_display_top_bar":"default","ocean_display_header":"default","ocean_header_style":"","ocean_center_header_left_menu":"0","ocean_custom_header_template":"0","ocean_custom_logo":0,"ocean_custom_retina_logo":0,"ocean_custom_logo_max_width":0,"ocean_custom_logo_tablet_max_width":0,"ocean_custom_logo_mobile_max_width":0,"ocean_custom_logo_max_height":0,"ocean_custom_logo_tablet_max_height":0,"ocean_custom_logo_mobile_max_height":0,"ocean_header_custom_menu":"0","ocean_menu_typo_font_family":"0","ocean_menu_typo_font_subset":"","ocean_menu_typo_font_size":0,"ocean_menu_typo_font_size_tablet":0,"ocean_menu_typo_font_size_mobile":0,"ocean_menu_typo_font_size_unit":"px","ocean_menu_typo_font_weight":"","ocean_menu_typo_font_weight_tablet":"","ocean_menu_typo_font_weight_mobile":"","ocean_menu_typo_transform":"","ocean_menu_typo_transform_tablet":"","ocean_menu_typo_transform_mobile":"","ocean_menu_typo_line_height":0,"ocean_menu_typo_line_height_tablet":0,"ocean_menu_typo_line_height_mobile":0,"ocean_menu_typo_line_height_unit":"","ocean_menu_typo_spacing":0,"ocean_menu_typo_spacing_tablet":0,"ocean_menu_typo_spacing_mobile":0,"ocean_menu_typo_spacing_unit":"","ocean_menu_link_color":"","ocean_menu_link_color_hover":"","ocean_menu_link_color_active":"","ocean_menu_link_background":"","ocean_menu_link_hover_background":"","ocean_menu_link_active_background":"","ocean_menu_social_links_bg":"","ocean_menu_social_hover_links_bg":"","ocean_menu_social_links_color":"","ocean_menu_social_hover_links_color":"","ocean_disable_title":"on","ocean_disable_heading":"default","ocean_post_title":"","ocean_post_subheading":"","ocean_post_title_style":"","ocean_post_title_background_color":"","ocean_post_title_background":0,"ocean_post_title_bg_image_position":"","ocean_post_title_bg_image_attachment":"","ocean_post_title_bg_image_repeat":"","ocean_post_title_bg_image_size":"","ocean_post_title_height":0,"ocean_post_title_bg_overlay":0.5,"ocean_post_title_bg_overlay_color":"","ocean_disable_breadcrumbs":"default","ocean_breadcrumbs_color":"","ocean_breadcrumbs_separator_color":"","ocean_breadcrumbs_links_color":"","ocean_breadcrumbs_links_hover_color":"","ocean_display_footer_widgets":"default","ocean_display_footer_bottom":"default","ocean_custom_footer_template":"0","footnotes":""},"class_list":["post-1489","page","type-page","status-publish","hentry","entry"],"_links":{"self":[{"href":"https:\/\/suptembmhs.com\/index.php\/wp-json\/wp\/v2\/pages\/1489","targetHints":{"allow":["GET"]}}],"collection":[{"href":"https:\/\/suptembmhs.com\/index.php\/wp-json\/wp\/v2\/pages"}],"about":[{"href":"https:\/\/suptembmhs.com\/index.php\/wp-json\/wp\/v2\/types\/page"}],"author":[{"embeddable":true,"href":"https:\/\/suptembmhs.com\/index.php\/wp-json\/wp\/v2\/users\/1"}],"replies":[{"embeddable":true,"href":"https:\/\/suptembmhs.com\/index.php\/wp-json\/wp\/v2\/comments?post=1489"}],"version-history":[{"count":18,"href":"https:\/\/suptembmhs.com\/index.php\/wp-json\/wp\/v2\/pages\/1489\/revisions"}],"predecessor-version":[{"id":2377,"href":"https:\/\/suptembmhs.com\/index.php\/wp-json\/wp\/v2\/pages\/1489\/revisions\/2377"}],"wp:attachment":[{"href":"https:\/\/suptembmhs.com\/index.php\/wp-json\/wp\/v2\/media?parent=1489"}],"curies":[{"name":"wp","href":"https:\/\/api.w.org\/{rel}","templated":true}]}}